{"id":112,"date":"2024-09-03T16:34:50","date_gmt":"2024-09-03T14:34:50","guid":{"rendered":"https:\/\/www.bapteme.armentierois.fr\/?page_id=112"},"modified":"2024-09-03T16:34:50","modified_gmt":"2024-09-03T14:34:50","slug":"memento","status":"publish","type":"page","link":"https:\/\/www.bapteme.armentierois.fr\/index.php\/memento\/","title":{"rendered":"MEMENTO"},"content":{"rendered":"\n<p>Voici un m\u00e9mento de ce que vous avez \u00e0 pr\u00e9parer chez vous !<\/p>\n\n\n\n<div data-wp-interactive=\"core\/file\" class=\"wp-block-file\"><object data-wp-bind--hidden=\"!state.hasPdfPreview\" hidden class=\"wp-block-file__embed\" data=\"https:\/\/www.bapteme.armentierois.fr\/wp-content\/uploads\/2024\/09\/a-preparer-pour-la-celebration.pdf\" type=\"application\/pdf\" style=\"width:100%;height:600px\" aria-label=\"Embed of \u00e0 pr\u00e9parer pour la c\u00e9l\u00e9bration.\"><\/object><a id=\"wp-block-file--media-d648ff53-1be6-4c3a-8c19-420c7ba583b6\" href=\"https:\/\/www.bapteme.armentierois.fr\/wp-content\/uploads\/2024\/09\/a-preparer-pour-la-celebration.pdf\">\u00e0 pr\u00e9parer pour la c\u00e9l\u00e9bration<\/a><a href=\"https:\/\/www.bapteme.armentierois.fr\/wp-content\/uploads\/2024\/09\/a-preparer-pour-la-celebration.pdf\" class=\"wp-block-file__button wp-element-button\" download aria-describedby=\"wp-block-file--media-d648ff53-1be6-4c3a-8c19-420c7ba583b6\">T\u00e9l\u00e9charger<\/a><\/div>\n","protected":false},"excerpt":{"rendered":"<p>Voici un m\u00e9mento de ce que vous avez \u00e0 pr\u00e9parer chez vous !<\/p>\n","protected":false},"author":1,"featured_media":0,"parent":0,"menu_order":0,"comment_status":"closed","ping_status":"closed","template":"","meta":{"footnotes":""},"class_list":["post-112","page","type-page","status-publish","hentry","no-post-thumbnail"],"yoast_head":"<!-- This site is optimized with the Yoast SEO plugin v24.9 - https:\/\/yoast.com\/wordpress\/plugins\/seo\/ -->\n<title>MEMENTO - Vers le bapt\u00eame<\/title>\n<meta name=\"robots\" content=\"index, follow, max-snippet:-1, max-image-preview:large, max-video-preview:-1\" \/>\n<link rel=\"canonical\" href=\"https:\/\/www.bapteme.armentierois.fr\/index.php\/memento\/\" \/>\n<meta property=\"og:locale\" content=\"en_US\" \/>\n<meta property=\"og:type\" content=\"article\" \/>\n<meta property=\"og:title\" content=\"MEMENTO - Vers le bapt\u00eame\" \/>\n<meta property=\"og:description\" content=\"Voici un m\u00e9mento de ce que vous avez \u00e0 pr\u00e9parer chez vous !\" \/>\n<meta property=\"og:url\" content=\"https:\/\/www.bapteme.armentierois.fr\/index.php\/memento\/\" \/>\n<meta property=\"og:site_name\" content=\"Vers le bapt\u00eame\" \/>\n<meta name=\"twitter:card\" content=\"summary_large_image\" \/>\n<script type=\"application\/ld+json\" class=\"yoast-schema-graph\">{\"@context\":\"https:\/\/schema.org\",\"@graph\":[{\"@type\":\"WebPage\",\"@id\":\"https:\/\/www.bapteme.armentierois.fr\/index.php\/memento\/\",\"url\":\"https:\/\/www.bapteme.armentierois.fr\/index.php\/memento\/\",\"name\":\"MEMENTO - Vers le bapt\u00eame\",\"isPartOf\":{\"@id\":\"https:\/\/www.bapteme.armentierois.fr\/#website\"},\"datePublished\":\"2024-09-03T14:34:50+00:00\",\"breadcrumb\":{\"@id\":\"https:\/\/www.bapteme.armentierois.fr\/index.php\/memento\/#breadcrumb\"},\"inLanguage\":\"en-US\",\"potentialAction\":[{\"@type\":\"ReadAction\",\"target\":[\"https:\/\/www.bapteme.armentierois.fr\/index.php\/memento\/\"]}]},{\"@type\":\"BreadcrumbList\",\"@id\":\"https:\/\/www.bapteme.armentierois.fr\/index.php\/memento\/#breadcrumb\",\"itemListElement\":[{\"@type\":\"ListItem\",\"position\":1,\"name\":\"Accueil\",\"item\":\"https:\/\/www.bapteme.armentierois.fr\/\"},{\"@type\":\"ListItem\",\"position\":2,\"name\":\"MEMENTO\"}]},{\"@type\":\"WebSite\",\"@id\":\"https:\/\/www.bapteme.armentierois.fr\/#website\",\"url\":\"https:\/\/www.bapteme.armentierois.fr\/\",\"name\":\"Vers le bapt\u00eame\",\"description\":\"Le bapt\u00eame pour une vie chr\u00e9tienne\",\"potentialAction\":[{\"@type\":\"SearchAction\",\"target\":{\"@type\":\"EntryPoint\",\"urlTemplate\":\"https:\/\/www.bapteme.armentierois.fr\/?s={search_term_string}\"},\"query-input\":{\"@type\":\"PropertyValueSpecification\",\"valueRequired\":true,\"valueName\":\"search_term_string\"}}],\"inLanguage\":\"en-US\"}]}<\/script>\n<!-- \/ Yoast SEO plugin. -->","yoast_head_json":{"title":"MEMENTO - Vers le bapt\u00eame","robots":{"index":"index","follow":"follow","max-snippet":"max-snippet:-1","max-image-preview":"max-image-preview:large","max-video-preview":"max-video-preview:-1"},"canonical":"https:\/\/www.bapteme.armentierois.fr\/index.php\/memento\/","og_locale":"en_US","og_type":"article","og_title":"MEMENTO - Vers le bapt\u00eame","og_description":"Voici un m\u00e9mento de ce que vous avez \u00e0 pr\u00e9parer chez vous !","og_url":"https:\/\/www.bapteme.armentierois.fr\/index.php\/memento\/","og_site_name":"Vers le bapt\u00eame","twitter_card":"summary_large_image","schema":{"@context":"https:\/\/schema.org","@graph":[{"@type":"WebPage","@id":"https:\/\/www.bapteme.armentierois.fr\/index.php\/memento\/","url":"https:\/\/www.bapteme.armentierois.fr\/index.php\/memento\/","name":"MEMENTO - Vers le bapt\u00eame","isPartOf":{"@id":"https:\/\/www.bapteme.armentierois.fr\/#website"},"datePublished":"2024-09-03T14:34:50+00:00","breadcrumb":{"@id":"https:\/\/www.bapteme.armentierois.fr\/index.php\/memento\/#breadcrumb"},"inLanguage":"en-US","potentialAction":[{"@type":"ReadAction","target":["https:\/\/www.bapteme.armentierois.fr\/index.php\/memento\/"]}]},{"@type":"BreadcrumbList","@id":"https:\/\/www.bapteme.armentierois.fr\/index.php\/memento\/#breadcrumb","itemListElement":[{"@type":"ListItem","position":1,"name":"Accueil","item":"https:\/\/www.bapteme.armentierois.fr\/"},{"@type":"ListItem","position":2,"name":"MEMENTO"}]},{"@type":"WebSite","@id":"https:\/\/www.bapteme.armentierois.fr\/#website","url":"https:\/\/www.bapteme.armentierois.fr\/","name":"Vers le bapt\u00eame","description":"Le bapt\u00eame pour une vie chr\u00e9tienne","potentialAction":[{"@type":"SearchAction","target":{"@type":"EntryPoint","urlTemplate":"https:\/\/www.bapteme.armentierois.fr\/?s={search_term_string}"},"query-input":{"@type":"PropertyValueSpecification","valueRequired":true,"valueName":"search_term_string"}}],"inLanguage":"en-US"}]}},"jetpack_sharing_enabled":true,"_links":{"self":[{"href":"https:\/\/www.bapteme.armentierois.fr\/index.php\/wp-json\/wp\/v2\/pages\/112","targetHints":{"allow":["GET"]}}],"collection":[{"href":"https:\/\/www.bapteme.armentierois.fr\/index.php\/wp-json\/wp\/v2\/pages"}],"about":[{"href":"https:\/\/www.bapteme.armentierois.fr\/index.php\/wp-json\/wp\/v2\/types\/page"}],"author":[{"embeddable":true,"href":"https:\/\/www.bapteme.armentierois.fr\/index.php\/wp-json\/wp\/v2\/users\/1"}],"replies":[{"embeddable":true,"href":"https:\/\/www.bapteme.armentierois.fr\/index.php\/wp-json\/wp\/v2\/comments?post=112"}],"version-history":[{"count":1,"href":"https:\/\/www.bapteme.armentierois.fr\/index.php\/wp-json\/wp\/v2\/pages\/112\/revisions"}],"predecessor-version":[{"id":114,"href":"https:\/\/www.bapteme.armentierois.fr\/index.php\/wp-json\/wp\/v2\/pages\/112\/revisions\/114"}],"wp:attachment":[{"href":"https:\/\/www.bapteme.armentierois.fr\/index.php\/wp-json\/wp\/v2\/media?parent=112"}],"curies":[{"name":"wp","href":"https:\/\/api.w.org\/{rel}","templated":true}]}}