{"id":14,"date":"2024-08-28T17:11:46","date_gmt":"2024-08-28T15:11:46","guid":{"rendered":"https:\/\/www.bapteme.armentierois.fr\/?page_id=14"},"modified":"2024-09-02T10:02:18","modified_gmt":"2024-09-02T08:02:18","slug":"aucun-titre","status":"publish","type":"page","link":"https:\/\/www.bapteme.armentierois.fr\/index.php\/aucun-titre\/","title":{"rendered":"Chants"},"content":{"rendered":"\n<p>Il est possible d&#8217;accompagner la c\u00e9l\u00e9bration du bapt\u00eame par quelques chants ou acclamations religieuses. Les chants permettent de dire autrement sa foi en Dieu. Si les propositions de chants sont nombreuses, il n&#8217;est pas utile d&#8217;en mettre trop surtout si les invit\u00e9s h\u00e9sitent \u00e0 chanter. En effet, une c\u00e9l\u00e9bration pas trop longue est souvent plus belle qu&#8217;une c\u00e9l\u00e9bration qui s&#8217;\u00e9ternise. Quand des personnes chantent ensemble, il s\u2019\u00e9tablit un lien entre elles.  Voici des propositions de chants (choisir un ou deux couplets pertinents qui s\u2019ajoutent au refrain):<\/p>\n\n\n\n<p><strong>A l\u2019entr\u00e9e:<\/strong><\/p>\n\n\n\n<p><a href=\"https:\/\/youtu.be\/YQoCB3j59ds\">Chantez, priez, c\u00e9l\u00e9brez le Seigneur<\/a> (A 40-73) <\/p>\n\n\n\n<p><a href=\"https:\/\/www.youtube.com\/watch?v=nt9SrCVCdVE\">Dieu nous accueille en sa maison<\/a> (A174)<\/p>\n\n\n\n<p><a href=\"https:\/\/www.youtube.com\/watch?v=wUGJOtgbPnA&amp;t=15s\">\u00d4 P\u00e8re, je suis ton enfant<\/a> (SM90)<\/p>\n\n\n\n<p><a href=\"https:\/\/www.youtube.com\/watch?v=xDIoQLFQkkE\">Peuple de Dieu, marche joyeux<\/a> (K180)<\/p>\n\n\n\n<p><a href=\"https:\/\/www.youtube.com\/watch?v=C_SY1NDllAw\">Peuple de baptis\u00e9s<\/a> (K106)<\/p>\n\n\n\n<p><a href=\"https:\/\/www.youtube.com\/watch?v=3E07Slf7NkE\">Tu es notre Dieu \u2026 et nous sommes ton peuple<\/a> (A187)<\/p>\n\n\n\n<p><a href=\"https:\/\/www.youtube.com\/watch?v=IYzFNbqBQ5I\">Ecoute la voix du Seigneur<\/a> (X548)<\/p>\n\n\n\n<p><a href=\"https:\/\/www.youtube.com\/watch?v=G36R6ihbhRg\">Si le P\u00e8re vous appelle<\/a> (O154)<\/p>\n\n\n\n<p>\u2026 des acclamations rituelles accompagnent le bapt\u00eame<\/p>\n\n\n\n<p><strong><em>Apr\u00e8s le geste de l\u2019eau<\/em><\/strong><\/p>\n\n\n\n<p><a href=\"https:\/\/www.youtube.com\/watch?v=DnH_Jfxa3Xw\">Tu es devenu enfant de Dieu<\/a> (N507)<\/p>\n\n\n\n<p><strong><em>Apr\u00e8s l\u2019onction<\/em><\/strong><\/p>\n\n\n\n<p><a href=\"https:\/\/www.youtube.com\/watch?v=LRzFxLHoUi0\">Laudate Dominum<\/a> (Z116)<\/p>\n\n\n\n<p><strong><em>Avec le rite de la lumi\u00e8re<\/em><\/strong><\/p>\n\n\n\n<p><a href=\"https:\/\/www.youtube.com\/watch?v=rYoq5-A70-Y\">Ma lumi\u00e8re est mon Salut<\/a> (Ps26)<\/p>\n\n\n\n<p><a href=\"https:\/\/www.youtube.com\/watch?v=wqdM6Ye-a2Q\">Lumi\u00e8re des hommes, nous marchons vers toi<\/a> (G128)<\/p>\n\n\n\n<p><a href=\"https:\/\/youtu.be\/4IkrBHPi594\">Joyeuse Lumi\u00e8re<\/a> (I17)<\/p>\n\n\n\n<p><a href=\"https:\/\/www.youtube.com\/watch?v=Cu_YLTEVzH0\">Lumi\u00e8re dans nos vies, Emmanuel | Emmanuel Music (youtube.com)<\/a><\/p>\n\n\n\n<p>Un chant ou une pri\u00e8re pour confier le(s) baptis\u00e9(s) \u00e0 la Sainte Vierge :<\/p>\n\n\n\n<p>Je vous salue Marie<\/p>\n\n\n\n<p>Un membre de la famille peut aussi jouer d\u2019un instrument (fl\u00fbte, violon, guitare \u2026 \u00e0 la Signature des registres)<\/p>\n\n\n\n<p><\/p>\n","protected":false},"excerpt":{"rendered":"<p>Il est possible d&#8217;accompagner la c\u00e9l\u00e9bration du bapt\u00eame par quelques chants ou acclamations religieuses.<span class=\"more-dots\">&#8230;<\/span><\/p>\n","protected":false},"author":1,"featured_media":0,"parent":0,"menu_order":0,"comment_status":"closed","ping_status":"closed","template":"","meta":{"footnotes":""},"class_list":["post-14","page","type-page","status-publish","hentry","no-post-thumbnail"],"yoast_head":"<!-- This site is optimized with the Yoast SEO plugin v24.9 - https:\/\/yoast.com\/wordpress\/plugins\/seo\/ -->\n<title>Chants - Vers le bapt\u00eame<\/title>\n<meta name=\"robots\" content=\"index, follow, max-snippet:-1, max-image-preview:large, max-video-preview:-1\" \/>\n<link rel=\"canonical\" href=\"https:\/\/www.bapteme.armentierois.fr\/index.php\/aucun-titre\/\" \/>\n<meta property=\"og:locale\" content=\"en_US\" \/>\n<meta property=\"og:type\" content=\"article\" \/>\n<meta property=\"og:title\" content=\"Chants - Vers le bapt\u00eame\" \/>\n<meta property=\"og:description\" content=\"Il est possible d&#8217;accompagner la c\u00e9l\u00e9bration du bapt\u00eame par quelques chants ou acclamations religieuses....\" \/>\n<meta property=\"og:url\" content=\"https:\/\/www.bapteme.armentierois.fr\/index.php\/aucun-titre\/\" \/>\n<meta property=\"og:site_name\" content=\"Vers le bapt\u00eame\" \/>\n<meta property=\"article:modified_time\" content=\"2024-09-02T08:02:18+00:00\" \/>\n<meta name=\"twitter:card\" content=\"summary_large_image\" \/>\n<meta name=\"twitter:label1\" content=\"Est. reading time\" \/>\n\t<meta name=\"twitter:data1\" content=\"1 minute\" \/>\n<script type=\"application\/ld+json\" class=\"yoast-schema-graph\">{\"@context\":\"https:\/\/schema.org\",\"@graph\":[{\"@type\":\"WebPage\",\"@id\":\"https:\/\/www.bapteme.armentierois.fr\/index.php\/aucun-titre\/\",\"url\":\"https:\/\/www.bapteme.armentierois.fr\/index.php\/aucun-titre\/\",\"name\":\"Chants - Vers le bapt\u00eame\",\"isPartOf\":{\"@id\":\"https:\/\/www.bapteme.armentierois.fr\/#website\"},\"datePublished\":\"2024-08-28T15:11:46+00:00\",\"dateModified\":\"2024-09-02T08:02:18+00:00\",\"breadcrumb\":{\"@id\":\"https:\/\/www.bapteme.armentierois.fr\/index.php\/aucun-titre\/#breadcrumb\"},\"inLanguage\":\"en-US\",\"potentialAction\":[{\"@type\":\"ReadAction\",\"target\":[\"https:\/\/www.bapteme.armentierois.fr\/index.php\/aucun-titre\/\"]}]},{\"@type\":\"BreadcrumbList\",\"@id\":\"https:\/\/www.bapteme.armentierois.fr\/index.php\/aucun-titre\/#breadcrumb\",\"itemListElement\":[{\"@type\":\"ListItem\",\"position\":1,\"name\":\"Accueil\",\"item\":\"https:\/\/www.bapteme.armentierois.fr\/\"},{\"@type\":\"ListItem\",\"position\":2,\"name\":\"Chants\"}]},{\"@type\":\"WebSite\",\"@id\":\"https:\/\/www.bapteme.armentierois.fr\/#website\",\"url\":\"https:\/\/www.bapteme.armentierois.fr\/\",\"name\":\"Vers le bapt\u00eame\",\"description\":\"Le bapt\u00eame pour une vie chr\u00e9tienne\",\"potentialAction\":[{\"@type\":\"SearchAction\",\"target\":{\"@type\":\"EntryPoint\",\"urlTemplate\":\"https:\/\/www.bapteme.armentierois.fr\/?s={search_term_string}\"},\"query-input\":{\"@type\":\"PropertyValueSpecification\",\"valueRequired\":true,\"valueName\":\"search_term_string\"}}],\"inLanguage\":\"en-US\"}]}<\/script>\n<!-- \/ Yoast SEO plugin. -->","yoast_head_json":{"title":"Chants - Vers le bapt\u00eame","robots":{"index":"index","follow":"follow","max-snippet":"max-snippet:-1","max-image-preview":"max-image-preview:large","max-video-preview":"max-video-preview:-1"},"canonical":"https:\/\/www.bapteme.armentierois.fr\/index.php\/aucun-titre\/","og_locale":"en_US","og_type":"article","og_title":"Chants - Vers le bapt\u00eame","og_description":"Il est possible d&#8217;accompagner la c\u00e9l\u00e9bration du bapt\u00eame par quelques chants ou acclamations religieuses....","og_url":"https:\/\/www.bapteme.armentierois.fr\/index.php\/aucun-titre\/","og_site_name":"Vers le bapt\u00eame","article_modified_time":"2024-09-02T08:02:18+00:00","twitter_card":"summary_large_image","twitter_misc":{"Est. reading time":"1 minute"},"schema":{"@context":"https:\/\/schema.org","@graph":[{"@type":"WebPage","@id":"https:\/\/www.bapteme.armentierois.fr\/index.php\/aucun-titre\/","url":"https:\/\/www.bapteme.armentierois.fr\/index.php\/aucun-titre\/","name":"Chants - Vers le bapt\u00eame","isPartOf":{"@id":"https:\/\/www.bapteme.armentierois.fr\/#website"},"datePublished":"2024-08-28T15:11:46+00:00","dateModified":"2024-09-02T08:02:18+00:00","breadcrumb":{"@id":"https:\/\/www.bapteme.armentierois.fr\/index.php\/aucun-titre\/#breadcrumb"},"inLanguage":"en-US","potentialAction":[{"@type":"ReadAction","target":["https:\/\/www.bapteme.armentierois.fr\/index.php\/aucun-titre\/"]}]},{"@type":"BreadcrumbList","@id":"https:\/\/www.bapteme.armentierois.fr\/index.php\/aucun-titre\/#breadcrumb","itemListElement":[{"@type":"ListItem","position":1,"name":"Accueil","item":"https:\/\/www.bapteme.armentierois.fr\/"},{"@type":"ListItem","position":2,"name":"Chants"}]},{"@type":"WebSite","@id":"https:\/\/www.bapteme.armentierois.fr\/#website","url":"https:\/\/www.bapteme.armentierois.fr\/","name":"Vers le bapt\u00eame","description":"Le bapt\u00eame pour une vie chr\u00e9tienne","potentialAction":[{"@type":"SearchAction","target":{"@type":"EntryPoint","urlTemplate":"https:\/\/www.bapteme.armentierois.fr\/?s={search_term_string}"},"query-input":{"@type":"PropertyValueSpecification","valueRequired":true,"valueName":"search_term_string"}}],"inLanguage":"en-US"}]}},"jetpack_sharing_enabled":true,"_links":{"self":[{"href":"https:\/\/www.bapteme.armentierois.fr\/index.php\/wp-json\/wp\/v2\/pages\/14","targetHints":{"allow":["GET"]}}],"collection":[{"href":"https:\/\/www.bapteme.armentierois.fr\/index.php\/wp-json\/wp\/v2\/pages"}],"about":[{"href":"https:\/\/www.bapteme.armentierois.fr\/index.php\/wp-json\/wp\/v2\/types\/page"}],"author":[{"embeddable":true,"href":"https:\/\/www.bapteme.armentierois.fr\/index.php\/wp-json\/wp\/v2\/users\/1"}],"replies":[{"embeddable":true,"href":"https:\/\/www.bapteme.armentierois.fr\/index.php\/wp-json\/wp\/v2\/comments?post=14"}],"version-history":[{"count":2,"href":"https:\/\/www.bapteme.armentierois.fr\/index.php\/wp-json\/wp\/v2\/pages\/14\/revisions"}],"predecessor-version":[{"id":90,"href":"https:\/\/www.bapteme.armentierois.fr\/index.php\/wp-json\/wp\/v2\/pages\/14\/revisions\/90"}],"wp:attachment":[{"href":"https:\/\/www.bapteme.armentierois.fr\/index.php\/wp-json\/wp\/v2\/media?parent=14"}],"curies":[{"name":"wp","href":"https:\/\/api.w.org\/{rel}","templated":true}]}}