{"id":22,"date":"2024-08-28T10:28:25","date_gmt":"2024-08-28T08:28:25","guid":{"rendered":"https:\/\/www.bapteme.armentierois.fr\/?page_id=22"},"modified":"2024-09-02T11:13:58","modified_gmt":"2024-09-02T09:13:58","slug":"contacts","status":"publish","type":"page","link":"https:\/\/www.bapteme.armentierois.fr\/index.php\/contacts\/","title":{"rendered":"Contacts"},"content":{"rendered":"\n<div class=\"wp-block-group  pt-1 pb-2 is-layout-flow wp-block-group-is-layout-flow\">\n<h6 class=\"wp-block-heading has-text-align-center is-style-small-text\"><mark style=\"background-color:var(--colorMain)\" class=\"has-inline-color has-light-color\">InFORMATIONS<\/mark><\/h6>\n\n\n\n<h2 class=\"wp-block-heading has-text-align-center has-huge-font-size\" style=\"margin-top:15px;margin-bottom:20px\">Pour joindre la paroisse<\/h2>\n\n\n\n<p class=\"has-text-align-center has-normal-font-size\">Chaque paroisse \u00e0 ses coordonn\u00e9es, ses horaires, ses r\u00e9f\u00e9rents &#8230;<\/p>\n<\/div>\n\n\n\n<div class=\"wp-block-columns  cols-single-sm gap-30 pt-2 pb-4 is-layout-flex wp-container-core-columns-is-layout-9d6595d7 wp-block-columns-is-layout-flex\">\n<div class=\"wp-block-column is-layout-flow wp-block-column-is-layout-flow\">\n<figure class=\"wp-block-image aligncenter size-large is-resized mb-0\"><img decoding=\"async\" src=\"https:\/\/www.bapteme.armentierois.fr\/wp-content\/themes\/exs\/assets\/img\/mail-outline.png\" alt=\"\" class=\"wp-image-501\" style=\"width:38px;height:38px\"\/><\/figure>\n\n\n\n<h4 class=\"wp-block-heading has-text-align-center mt-05 mb-0\"><strong>Nous \u00e9crire<\/strong><\/h4>\n\n\n\n<p class=\"has-text-align-center mt-1\"><a href=\"nieppe@doyennelysetdeule.fr\">Nieppe<\/a> <\/p>\n\n\n\n<p class=\"has-text-align-center\"><a href=\"12apotres@armentierois.fr\">12 ap\u00f4tres<\/a><\/p>\n\n\n\n<p class=\"has-text-align-center\"><a href=\"paroissesaintemariedelalys@hotmail.fr\">Sainte-Marie de la Lys<\/a><\/p>\n\n\n\n<p class=\"has-text-align-center\">Notre-Dame de l&#8217;esp\u00e9rance<\/p>\n\n\n\n<p class=\"has-text-align-center\">Bon Pasteur<\/p>\n<\/div>\n\n\n\n<div class=\"wp-block-column is-layout-flow wp-block-column-is-layout-flow\">\n<figure class=\"wp-block-image aligncenter size-large is-resized mb-0\"><img decoding=\"async\" src=\"https:\/\/www.bapteme.armentierois.fr\/wp-content\/themes\/exs\/assets\/img\/call-outline.png\" alt=\"\" class=\"wp-image-524\" style=\"width:38px;height:38px\"\/><\/figure>\n\n\n\n<h4 class=\"wp-block-heading has-text-align-center mt-05 mb-0\"><strong>T\u00e9l\u00e9phone<\/strong><\/h4>\n\n\n\n<p class=\"has-text-align-center mt-1\"> 03 20 48 68 97<\/p>\n\n\n\n<p class=\"has-text-align-center mt-1\">03 20 77 20 82<\/p>\n\n\n\n<p class=\"has-text-align-center mt-1\">Sainte-Marie de la Lys<\/p>\n\n\n\n<p class=\"has-text-align-center mt-1\">Notre-Dame de l&#8217;esp\u00e9rance<\/p>\n\n\n\n<p class=\"has-text-align-center mt-1\">Bon Pasteur<\/p>\n<\/div>\n\n\n\n<div class=\"wp-block-column is-layout-flow wp-block-column-is-layout-flow\">\n<figure class=\"wp-block-image aligncenter size-large is-resized mb-0\"><img decoding=\"async\" src=\"https:\/\/www.bapteme.armentierois.fr\/wp-content\/themes\/exs\/assets\/img\/location-outline.png\" alt=\"\" class=\"wp-image-502\" style=\"width:38px;height:38px\"\/><\/figure>\n\n\n\n<h4 class=\"wp-block-heading has-text-align-center mt-05 mb-0\"><strong>Maison paroissiale<\/strong><\/h4>\n\n\n\n<p class=\"has-text-align-center mt-1\" style=\"font-size:16px\">109 rue d&#8217;Armenti\u00e8res    59850 NIEPPE<\/p>\n\n\n\n<p class=\"has-text-align-center mt-1\" style=\"font-size:16px\">1Bis rue la Fontaine       59280 ARMENTIERES<\/p>\n\n\n\n<p class=\"has-text-align-center\" style=\"font-size:14px\">1 contour Parmentier            59116 HOUPLINES<\/p>\n\n\n\n<p class=\"has-text-align-center\" style=\"font-size:13px\">13 contour de l&#8217;\u00e9glise              59930 LA CHAPELLE D&#8217;ARMENTIERES <\/p>\n\n\n\n<p class=\"has-text-align-center\">24 rue Denis Papin   59280 ARMENTIERES<\/p>\n<\/div>\n\n\n\n<div class=\"wp-block-column is-layout-flow wp-block-column-is-layout-flow\">\n<figure class=\"wp-block-image aligncenter size-large is-resized mb-0\"><img decoding=\"async\" src=\"https:\/\/www.bapteme.armentierois.fr\/wp-content\/themes\/exs\/assets\/img\/alarm-outline.png\" alt=\"\" class=\"wp-image-500\" style=\"width:38px;height:38px\"\/><\/figure>\n\n\n\n<h4 class=\"wp-block-heading has-text-align-center mt-05 mb-0\"><strong>Permanence<\/strong>s<\/h4>\n\n\n\n<p class=\"has-text-align-center mt-1\" style=\"font-size:16px\"><strong>MAR-VEN-SAM:<\/strong> 9:30\/11:30<br>                                       <\/p>\n\n\n\n<p class=\"has-text-align-center mt-1\" style=\"font-size:16px\"><strong>MAR-MER-VEN-SAM:<\/strong> 9:30\/11:30<\/p>\n\n\n\n<p class=\"has-text-align-center mt-1\" style=\"font-size:16px\"><strong>SAM:<\/strong> 10:00\/11:30<\/p>\n\n\n\n<p class=\"has-text-align-center mt-1\" style=\"font-size:16px\"><strong>MER:<\/strong> 9:30\/11:00               <strong>SAM:<\/strong> 10:00\/11:30<\/p>\n\n\n\n<p class=\"has-text-align-center mt-1\" style=\"font-size:16px\"><strong>SAM:<\/strong> 10:00\/11:30<\/p>\n<\/div>\n<\/div>\n\n\n\n<div class=\"wp-block-group pt-6 pb-6 l m section is-layout-flow wp-block-group-is-layout-flow\">\n<div class=\"wp-block-media-text is-stacked-on-mobile\"><figure class=\"wp-block-media-text__media\"><img decoding=\"async\" src=\"https:\/\/www.bapteme.armentierois.fr\/wp-content\/themes\/exs-church\/assets\/img\/1.jpg\" alt=\"\" class=\"wp-image-21 size-exs-square\"\/><\/figure><div class=\"wp-block-media-text__content\">\n<p class=\"is-style-small-text mb-05\"><mark style=\"background-color:var(--colorMain)\" class=\"has-inline-color has-light-color\">Eum voluptatem<\/mark><\/p>\n\n\n\n<h2 class=\"wp-block-heading is-style-default mt-0 mb-05\">Qui recusandae<\/h2>\n\n\n\n<p>Nam fermentum, risus hendrerit sodales molestie, velit nunc efficitur lacus, ultricies dictum neque velit tincidunt velit.<\/p>\n\n\n\n<form action=\"#\" class=\"exs-ajax-form\">\n\t\t\t\t<input required=\"required\" placeholder=\"Adipisci\" name=\"name\" type=\"text\" class=\"d-block mb-1\">\n\n\t\t\t\t<input required=\"required\" placeholder=\"Voluptate\" name=\"email\" type=\"email\" class=\"d-block mb-1\">\n\n\t\t\t\t<textarea required=\"required\" placeholder=\"Maxime\" name=\"message\" class=\"d-block mb-1\"><\/textarea>\n\n\t\t\t\t<button type=\"submit\" class=\"wp-block-button__link\">\n\t\t\t\t\tSoluta\t<\/button>\n\t\t\t<\/form>\n<\/div><\/div>\n<\/div>\n\n\n\n<div class=\"wp-block-columns are-vertically-aligned-center pt-6 gap-60 is-layout-flex wp-container-core-columns-is-layout-9d6595d7 wp-block-columns-is-layout-flex\">\n<div class=\"wp-block-column is-vertically-aligned-center is-layout-flow wp-block-column-is-layout-flow\">\n<h3 class=\"wp-block-heading\">Donec suscipit lectus vel<\/h3>\n\n\n\n<p>Risus hendrerit sodales molestie, velit nunc efficitur lacus, ultricies dictum neque velit tincidunt velit.<\/p>\n\n\n\n<ul class=\"wp-block-list styled\">\n<li>Venenatis venenatis mi justo<\/li>\n\n\n\n<li>Commodo lectus id sagittis<\/li>\n\n\n\n<li>Mauris leo vel neque<\/li>\n\n\n\n<li>Duis lobortis vel tellus eu lobortis<\/li>\n<\/ul>\n<\/div>\n\n\n\n<div class=\"wp-block-column is-vertically-aligned-center is-layout-flow wp-block-column-is-layout-flow\">\n<figure class=\"wp-block-image size-large\"><img decoding=\"async\" src=\"https:\/\/www.bapteme.armentierois.fr\/wp-content\/themes\/exs\/assets\/img\/map.jpg\" alt=\"\" class=\"wp-image-220\"\/><\/figure>\n<\/div>\n<\/div>\n","protected":false},"excerpt":{"rendered":"<p>InFORMATIONS Pour joindre la paroisse Chaque paroisse \u00e0 ses coordonn\u00e9es, ses horaires, ses r\u00e9f\u00e9rents<span class=\"more-dots\">&#8230;<\/span><\/p>\n","protected":false},"author":1,"featured_media":0,"parent":0,"menu_order":0,"comment_status":"closed","ping_status":"closed","template":"","meta":{"footnotes":""},"class_list":["post-22","page","type-page","status-publish","hentry","no-post-thumbnail"],"yoast_head":"<!-- This site is optimized with the Yoast SEO plugin v24.9 - https:\/\/yoast.com\/wordpress\/plugins\/seo\/ -->\n<title>Contacts - Vers le bapt\u00eame<\/title>\n<meta name=\"robots\" content=\"index, follow, max-snippet:-1, max-image-preview:large, max-video-preview:-1\" \/>\n<link rel=\"canonical\" href=\"https:\/\/www.bapteme.armentierois.fr\/index.php\/contacts\/\" \/>\n<meta property=\"og:locale\" content=\"en_US\" \/>\n<meta property=\"og:type\" content=\"article\" \/>\n<meta property=\"og:title\" content=\"Contacts - Vers le bapt\u00eame\" \/>\n<meta property=\"og:description\" content=\"InFORMATIONS Pour joindre la paroisse Chaque paroisse \u00e0 ses coordonn\u00e9es, ses horaires, ses r\u00e9f\u00e9rents...\" \/>\n<meta property=\"og:url\" content=\"https:\/\/www.bapteme.armentierois.fr\/index.php\/contacts\/\" \/>\n<meta property=\"og:site_name\" content=\"Vers le bapt\u00eame\" \/>\n<meta property=\"article:modified_time\" content=\"2024-09-02T09:13:58+00:00\" \/>\n<meta property=\"og:image\" content=\"https:\/\/www.bapteme.armentierois.fr\/wp-content\/themes\/exs\/assets\/img\/mail-outline.png\" \/>\n<meta name=\"twitter:card\" content=\"summary_large_image\" \/>\n<meta name=\"twitter:label1\" content=\"Est. reading time\" \/>\n\t<meta name=\"twitter:data1\" content=\"1 minute\" \/>\n<script type=\"application\/ld+json\" class=\"yoast-schema-graph\">{\"@context\":\"https:\/\/schema.org\",\"@graph\":[{\"@type\":\"WebPage\",\"@id\":\"https:\/\/www.bapteme.armentierois.fr\/index.php\/contacts\/\",\"url\":\"https:\/\/www.bapteme.armentierois.fr\/index.php\/contacts\/\",\"name\":\"Contacts - Vers le bapt\u00eame\",\"isPartOf\":{\"@id\":\"https:\/\/www.bapteme.armentierois.fr\/#website\"},\"primaryImageOfPage\":{\"@id\":\"https:\/\/www.bapteme.armentierois.fr\/index.php\/contacts\/#primaryimage\"},\"image\":{\"@id\":\"https:\/\/www.bapteme.armentierois.fr\/index.php\/contacts\/#primaryimage\"},\"thumbnailUrl\":\"https:\/\/www.bapteme.armentierois.fr\/wp-content\/themes\/exs\/assets\/img\/mail-outline.png\",\"datePublished\":\"2024-08-28T08:28:25+00:00\",\"dateModified\":\"2024-09-02T09:13:58+00:00\",\"breadcrumb\":{\"@id\":\"https:\/\/www.bapteme.armentierois.fr\/index.php\/contacts\/#breadcrumb\"},\"inLanguage\":\"en-US\",\"potentialAction\":[{\"@type\":\"ReadAction\",\"target\":[\"https:\/\/www.bapteme.armentierois.fr\/index.php\/contacts\/\"]}]},{\"@type\":\"ImageObject\",\"inLanguage\":\"en-US\",\"@id\":\"https:\/\/www.bapteme.armentierois.fr\/index.php\/contacts\/#primaryimage\",\"url\":\"\",\"contentUrl\":\"\"},{\"@type\":\"BreadcrumbList\",\"@id\":\"https:\/\/www.bapteme.armentierois.fr\/index.php\/contacts\/#breadcrumb\",\"itemListElement\":[{\"@type\":\"ListItem\",\"position\":1,\"name\":\"Accueil\",\"item\":\"https:\/\/www.bapteme.armentierois.fr\/\"},{\"@type\":\"ListItem\",\"position\":2,\"name\":\"Contacts\"}]},{\"@type\":\"WebSite\",\"@id\":\"https:\/\/www.bapteme.armentierois.fr\/#website\",\"url\":\"https:\/\/www.bapteme.armentierois.fr\/\",\"name\":\"Vers le bapt\u00eame\",\"description\":\"Le bapt\u00eame pour une vie chr\u00e9tienne\",\"potentialAction\":[{\"@type\":\"SearchAction\",\"target\":{\"@type\":\"EntryPoint\",\"urlTemplate\":\"https:\/\/www.bapteme.armentierois.fr\/?s={search_term_string}\"},\"query-input\":{\"@type\":\"PropertyValueSpecification\",\"valueRequired\":true,\"valueName\":\"search_term_string\"}}],\"inLanguage\":\"en-US\"}]}<\/script>\n<!-- \/ Yoast SEO plugin. -->","yoast_head_json":{"title":"Contacts - Vers le bapt\u00eame","robots":{"index":"index","follow":"follow","max-snippet":"max-snippet:-1","max-image-preview":"max-image-preview:large","max-video-preview":"max-video-preview:-1"},"canonical":"https:\/\/www.bapteme.armentierois.fr\/index.php\/contacts\/","og_locale":"en_US","og_type":"article","og_title":"Contacts - Vers le bapt\u00eame","og_description":"InFORMATIONS Pour joindre la paroisse Chaque paroisse \u00e0 ses coordonn\u00e9es, ses horaires, ses r\u00e9f\u00e9rents...","og_url":"https:\/\/www.bapteme.armentierois.fr\/index.php\/contacts\/","og_site_name":"Vers le bapt\u00eame","article_modified_time":"2024-09-02T09:13:58+00:00","og_image":[{"url":"https:\/\/www.bapteme.armentierois.fr\/wp-content\/themes\/exs\/assets\/img\/mail-outline.png","type":"","width":"","height":""}],"twitter_card":"summary_large_image","twitter_misc":{"Est. reading time":"1 minute"},"schema":{"@context":"https:\/\/schema.org","@graph":[{"@type":"WebPage","@id":"https:\/\/www.bapteme.armentierois.fr\/index.php\/contacts\/","url":"https:\/\/www.bapteme.armentierois.fr\/index.php\/contacts\/","name":"Contacts - Vers le bapt\u00eame","isPartOf":{"@id":"https:\/\/www.bapteme.armentierois.fr\/#website"},"primaryImageOfPage":{"@id":"https:\/\/www.bapteme.armentierois.fr\/index.php\/contacts\/#primaryimage"},"image":{"@id":"https:\/\/www.bapteme.armentierois.fr\/index.php\/contacts\/#primaryimage"},"thumbnailUrl":"https:\/\/www.bapteme.armentierois.fr\/wp-content\/themes\/exs\/assets\/img\/mail-outline.png","datePublished":"2024-08-28T08:28:25+00:00","dateModified":"2024-09-02T09:13:58+00:00","breadcrumb":{"@id":"https:\/\/www.bapteme.armentierois.fr\/index.php\/contacts\/#breadcrumb"},"inLanguage":"en-US","potentialAction":[{"@type":"ReadAction","target":["https:\/\/www.bapteme.armentierois.fr\/index.php\/contacts\/"]}]},{"@type":"ImageObject","inLanguage":"en-US","@id":"https:\/\/www.bapteme.armentierois.fr\/index.php\/contacts\/#primaryimage","url":"","contentUrl":""},{"@type":"BreadcrumbList","@id":"https:\/\/www.bapteme.armentierois.fr\/index.php\/contacts\/#breadcrumb","itemListElement":[{"@type":"ListItem","position":1,"name":"Accueil","item":"https:\/\/www.bapteme.armentierois.fr\/"},{"@type":"ListItem","position":2,"name":"Contacts"}]},{"@type":"WebSite","@id":"https:\/\/www.bapteme.armentierois.fr\/#website","url":"https:\/\/www.bapteme.armentierois.fr\/","name":"Vers le bapt\u00eame","description":"Le bapt\u00eame pour une vie chr\u00e9tienne","potentialAction":[{"@type":"SearchAction","target":{"@type":"EntryPoint","urlTemplate":"https:\/\/www.bapteme.armentierois.fr\/?s={search_term_string}"},"query-input":{"@type":"PropertyValueSpecification","valueRequired":true,"valueName":"search_term_string"}}],"inLanguage":"en-US"}]}},"jetpack_sharing_enabled":true,"_links":{"self":[{"href":"https:\/\/www.bapteme.armentierois.fr\/index.php\/wp-json\/wp\/v2\/pages\/22","targetHints":{"allow":["GET"]}}],"collection":[{"href":"https:\/\/www.bapteme.armentierois.fr\/index.php\/wp-json\/wp\/v2\/pages"}],"about":[{"href":"https:\/\/www.bapteme.armentierois.fr\/index.php\/wp-json\/wp\/v2\/types\/page"}],"author":[{"embeddable":true,"href":"https:\/\/www.bapteme.armentierois.fr\/index.php\/wp-json\/wp\/v2\/users\/1"}],"replies":[{"embeddable":true,"href":"https:\/\/www.bapteme.armentierois.fr\/index.php\/wp-json\/wp\/v2\/comments?post=22"}],"version-history":[{"count":5,"href":"https:\/\/www.bapteme.armentierois.fr\/index.php\/wp-json\/wp\/v2\/pages\/22\/revisions"}],"predecessor-version":[{"id":107,"href":"https:\/\/www.bapteme.armentierois.fr\/index.php\/wp-json\/wp\/v2\/pages\/22\/revisions\/107"}],"wp:attachment":[{"href":"https:\/\/www.bapteme.armentierois.fr\/index.php\/wp-json\/wp\/v2\/media?parent=22"}],"curies":[{"name":"wp","href":"https:\/\/api.w.org\/{rel}","templated":true}]}}