{"id":61,"date":"2024-08-28T21:33:09","date_gmt":"2024-08-28T19:33:09","guid":{"rendered":"https:\/\/www.bapteme.armentierois.fr\/?page_id=61"},"modified":"2024-09-02T11:28:02","modified_gmt":"2024-09-02T09:28:02","slug":"deroulement-du-bapteme","status":"publish","type":"page","link":"https:\/\/www.bapteme.armentierois.fr\/index.php\/deroulement-du-bapteme\/","title":{"rendered":"D\u00e9roulement"},"content":{"rendered":"\n<p>Si le bapt\u00eame a lieu <strong>en dehors de la messe<\/strong>, le d\u00e9roulement de la c\u00e9l\u00e9bration du bapt\u00eame est le suivant :<\/p>\n\n\n\n<p class=\"has-xl-font-size\"><strong>D\u00e9roulement c\u00e9l\u00e9bration du bapt\u00eame en dehors de la messe<\/strong><\/p>\n\n\n\n<p>Accueil (quand c&#8217;est possible sur le parvis ou au fond de l&#8217;\u00e9glise)<\/p>\n\n\n\n<p><strong><em>Aux parents<\/em><\/strong><\/p>\n\n\n\n<p>Quels pr\u00e9noms avez-vous choisi pour votre enfant&nbsp;? <strong>N.<\/strong><\/p>\n\n\n\n<p>Que demandez-vous \u00e0 l\u2019\u00e9glise de Dieu&nbsp;? <strong>Le Bapt\u00eame<\/strong><\/p>\n\n\n\n<p>(la demande peut \u00eatre \u00e9ventuellement d\u00e9taill\u00e9e)<\/p>\n\n\n\n<p><strong>Au parrain, \u00e0 la marraine<\/strong><\/p>\n\n\n\n<p>\u00cates vous dispos\u00e9s \u00e0 aider ses parents dans l&#8217;exercice de leur responsabilit\u00e9 ? <strong>OUI<\/strong><\/p>\n\n\n\n<p>(Si le parrain et la marraine veulent ajouter un mot, il est indiqu\u00e9 que cela se d\u00e9roule dans le cadre du rassemblement familial qui suivra le bapt\u00eame)<\/p>\n\n\n\n<p>Signation de l&#8217;enfant par le c\u00e9l\u00e9brant, puis les parents, le parrain et\/ou la marraine<\/p>\n\n\n\n<p>Chant d\u2019entr\u00e9e<\/p>\n\n\n\n<p>On se met \u00e0 l&#8217;\u00e9coute de la parole de Dieu<\/p>\n\n\n\n<p>Une lecture (peut \u00eatre lue par un invit\u00e9) et\/ou un psaume et\/ou un \u00e9vangile (proclam\u00e9 par le c\u00e9l\u00e9brant) &#8211; \u00e0 choisir dans l&#8217;onglet LECTURE<\/p>\n\n\n\n<p>Hom\u00e9lie par le c\u00e9l\u00e9brant<\/p>\n\n\n\n<p>Pri\u00e8re de d\u00e9livrance<\/p>\n\n\n\n<p>Geste de l&#8217;Imposition des mains par le c\u00e9l\u00e9brant<\/p>\n\n\n\n<p>Pri\u00e8re universelle &#8211; \u00e0 r\u00e9diger ou choisir dans l&#8217;onglet pri\u00e8re universelle &#8211; les intentions peuvent \u00eatre lues par des invit\u00e9s.<\/p>\n\n\n\n<p>Le c\u00e9l\u00e9brant b\u00e9nit l&#8217;eau ou rend gr\u00e2ce avec l&#8217;assembl\u00e9e pour l&#8217;eau d\u00e9j\u00e0 consacr\u00e9e<\/p>\n\n\n\n<p>Les parents, parrain, marraine renoncent \u00e0 Satan et expriment la profession de foi dans un dialogue :<\/p>\n\n\n\n<p>C\u00e9l\u00e9brant : \u00ab Pour vivre dans la libert\u00e9 des enfants de Dieu, rejetez-vous le p\u00e9ch\u00e9 ? \u00bb<br>Parents, parrain et marraine : \u00ab Je le rejette. \u00bb<br>C\u00e9l\u00e9brant : \u00ab Pour \u00e9chapper \u00e0 l&#8217;emprise du p\u00e9ch\u00e9, rejetez-vous ce qui conduit au mal ? \u00bb<br>Parents, parrain et marraine : \u00ab Je le rejette. \u00bb<br>C\u00e9l\u00e9brant : \u00ab Pour suivre J\u00e9sus, le Christ, rejetez-vous Satan qui est l&#8217;auteur du p\u00e9ch\u00e9 ? \u00bb<br>Parents, parrain et marraine : \u00ab Je le rejette. \u00bb<\/p>\n\n\n\n<p>C\u00e9l\u00e9brant : \u00ab Croyez-vous en Dieu, le P\u00e8re tout-puissant, cr\u00e9ateur du ciel et de la terre ? \u00bb<br>Parents, parrain et marraine : \u00ab Je crois. \u00bb<br>C\u00e9l\u00e9brant : \u00ab Croyez-vous en J\u00e9sus-Christ, son Fils unique, notre Seigneur, qui est n\u00e9 de la Vierge Marie, a souffert la passion, a \u00e9t\u00e9 enseveli, est ressuscit\u00e9 d&#8217;entre les morts, et qui est assis \u00e0 la droite du P\u00e8re ? \u00bb<br>Parents, parrain et marraine : \u00ab Je crois. \u00bb<br>C\u00e9l\u00e9brant : \u00ab Croyez-vous en l&#8217;Esprit Saint, \u00e0 la sainte \u00c9glise catholique, \u00e0 la communion des saints, au pardon des p\u00e9ch\u00e9s, \u00e0 la r\u00e9surrection de la chair, et \u00e0 la vie \u00e9ternelle ? \u00bb<br>Parents, parrain et marraine : \u00ab Je crois. \u00bb<br>C\u00e9l\u00e9brant : \u00ab Telle est notre foi. Telle est la foi de l\u2019\u00c9glise que nous sommes fiers de proclamer dans le Christ J\u00e9sus, notre Seigneur. \u00bb<br>L\u2019assembl\u00e9e r\u00e9pond : \u00ab Amen. \u00bb<\/p>\n\n\n\n<p><strong>Le Bapt\u00eame<\/strong><\/p>\n\n\n\n<p>Le pr\u00eatre demande aux parents s\u2019ils acceptent que leur enfant soit baptis\u00e9&nbsp;:<\/p>\n\n\n\n<p>Voulez-vous que votre enfant soit baptis\u00e9 dans la foi de l\u2019Eglise&nbsp;? <strong>OUI<\/strong><\/p>\n\n\n\n<p>\u00ab N, Je te baptise au nom du P\u00e8re, et du Fils, et du Saint-Esprit. \u00bb<\/p>\n\n\n\n<p>Chant d\u2019action de gr\u00e2ce : (en dehors du car\u00eame)<\/p>\n\n\n\n<p><strong>Tu es devenu enfant de Dieu<\/strong><br><strong>Et fr\u00e8re de J\u00e9sus. All\u00e9luia !<\/strong><br><strong>Aujourd\u2019hui l\u2019Esprit repose en toi<\/strong><br><strong>Et chante alleluia !<\/strong><\/p>\n\n\n\n<p>Le pr\u00eatre va maintenant marquer l\u2019enfant avec le saint chr\u00eame, une huile parfum\u00e9e, pour signifier que l\u2019enfant demeure dans le Christ pour la Vie \u00e9ternelle.<\/p>\n\n\n\n<p>Puis, c\u2019est la remise du v\u00eatement blanc : on habille l\u2019enfant en blanc (robe de bapt\u00eame) ou s\u2019il l\u2019est d\u00e9j\u00e0, on peut, par exemple, lui mettre un bonnet blanc, une \u00e9charpe ou une cape blanche. Le c\u00e9l\u00e9brant :&nbsp;<em>\u00ab N, tu es une cr\u00e9ation nouvelle dans le Christ; ce v\u00eatement blanc en est le signe. Que tes parents et amis t&#8217;aident, par leur parole et leur exemple, \u00e0 garder intacte la dignit\u00e9 des fils de Dieu, pour la vie \u00e9ternelle. \u00bb<\/em><\/p>\n\n\n\n<p><strong>Vous tous qui avez \u00e9t\u00e9 baptis\u00e9s en Christ,<br>vous avez rev\u00eatu le Christ, Alleluia!<\/strong><strong><\/strong><\/p>\n\n\n\n<p>Le c\u00e9l\u00e9brant remet un cierge aux parents, il dit :&nbsp;<em>\u00ab Recevez la lumi\u00e8re du Christ. C&#8217;est \u00e0 vous, parents, parrain et marraine, que cette lumi\u00e8re est confi\u00e9e. Veillez \u00e0 l&#8217;entretenir : que cet enfant, illumin\u00e9 par le Christ, avance dans la vie en enfant de lumi\u00e8re et demeure fid\u00e8le \u00e0 la foi de son bapt\u00eame. Ainsi, quand le Seigneur viendra, il pourra aller \u00e0 sa rencontre dans son Royaume, avec tous les saints du ciel. \u00bb<\/em><\/p>\n\n\n\n<p><strong>Lumi\u00e8re dans nos vies, Emmanuel,<br>Ton nom est \u00ab&nbsp;Dieu avec nous&nbsp;\u00bb !<br>Le don de ton esprit nous renouvelle !<br>Tu nous appelles \u00e0 demeurer en toi<br>Pour vivre en enfants du P\u00e8re.&nbsp;&nbsp;<\/strong><\/p>\n\n\n\n<p><strong>Ou<\/strong><\/p>\n\n\n\n<p><strong>Ma lumi\u00e8re est mon Salut, c\u2019est le Seigneur, All\u00e9luia&nbsp;!<\/strong><\/p>\n\n\n\n<p>R\u00e9citation du Notre P\u00e8re<\/p>\n\n\n\n<p><strong>Notre P\u00e8re, qui es aux cieux,<br>que ton nom soit sanctifi\u00e9,<br>que ton r\u00e8gne vienne,<br>que ta volont\u00e9 soit faite sur la terre comme au ciel.<br>Donne-nous aujourd\u2019hui notre pain de ce jour.<br>Pardonne-nous nos offenses,<br>comme nous pardonnons aussi \u00e0 ceux qui nous ont offens\u00e9s.<br>Et ne nous laisse pas entrer en tentation<br>mais d\u00e9livre-nous du Mal.<\/strong><\/p>\n\n\n\n<p><strong>Amen<\/strong><\/p>\n\n\n\n<p><strong>Signature des registres<\/strong><\/p>\n\n\n\n<p><strong>Qu\u00eate *<\/strong><strong><\/strong><\/p>\n\n\n\n<p><strong>On confie le ou les enfants \u00e0 la tendresse de la Vierge Marie<\/strong><strong><\/strong><\/p>\n\n\n\n<p><strong>Je vous salue Marie, pleine de gr\u00e2ce ;<br>Le Seigneur est avec vous.<br>Vous \u00eates b\u00e9nie entre toutes les femmes<br>Et J\u00e9sus, le fruit de vos entrailles, est b\u00e9ni.<br>Sainte Marie, M\u00e8re de Dieu,<br>Priez pour nous pauvres p\u00e9cheurs,<br>Maintenant et \u00e0 l\u2019heure de notre mort.<\/strong><\/p>\n\n\n\n<p><strong>Amen<\/strong><\/p>\n\n\n\n<p>B\u00e9n\u00e9diction finale<\/p>\n\n\n\n<p>Envoi<\/p>\n\n\n\n<p>B\u00e9n\u00e9diction des objets religieux<\/p>\n\n\n\n<p>Les cloches sonnent pour dire la joie du ciel sur la terre&nbsp;!<\/p>\n\n\n\n<p>(*) A la fin de la c\u00e9l\u00e9bration du bapt\u00eame, un panier circule permettant de contribuer financi\u00e8rement \u00e0 la vie de la paroisse. En l\u2019an 2000, les \u00e9v\u00eaques de France recommandaient de donner au minimum 2\u20ac \u00e0 la qu\u00eate. Un quart de si\u00e8cle s\u2019est \u00e9coul\u00e9 \u2026 que pouvons-nous aujourd\u2019hui apporter&nbsp;? <\/p>\n\n\n\n<p><\/p>\n\n\n\n<p class=\"has-xl-font-size\"><strong>D\u00e9roulement du bapt\u00eame au cours de la messe <\/strong><\/p>\n\n\n\n<p>Si le bapt\u00eame a lieu <strong>pendant la messe dominicale<\/strong>, la liturgie de la messe prime sur le bapt\u00eame: <strong>les chants, les lectures, les pri\u00e8res universelles sont alors pr\u00e9par\u00e9es par les \u00e9quipes liturgiques, vous b\u00e9n\u00e9ficiez aussi de l&#8217;animation et de la pri\u00e8re d&#8217;une communaut\u00e9 paroissiale<\/strong>. Vous n&#8217;avez qu&#8217;\u00e0 pr\u00e9parer la demande de bapt\u00eame. <strong>Si vous avez besoin de contacter une des \u00e9quipes liturgiques<\/strong>, envoyez un message en pr\u00e9cisant l&#8217;objet, la date du bapt\u00eame, le nom de l&#8217;enfant \u00e0 <a href=\"baptememesse@nieppe.doyennelysetdeule.fr\" data-type=\"link\" data-id=\"baptememesse@nieppe.doyennelysetdeule.fr\">Nieppe<\/a>, <a href=\"baptememesse@12apotres.doyennelysetdeule.fr\">12 ap\u00f4tres<\/a>, Sainte-Marie de la lys, Notre-Dame de l&#8217;esp\u00e9rance ou au Bon Pasteur.<\/p>\n\n\n\n<p>Chant de procession<\/p>\n\n\n\n<p>Accueil<\/p>\n\n\n\n<p><strong><em>Aux parents<\/em><\/strong><\/p>\n\n\n\n<p>Quels pr\u00e9noms avez-vous choisi pour votre enfant&nbsp;? <strong>N.<\/strong><\/p>\n\n\n\n<p>Que demandez-vous \u00e0 l\u2019\u00e9glise de Dieu&nbsp;? <strong>Le Bapt\u00eame<\/strong><\/p>\n\n\n\n<p>(la demande peut \u00eatre \u00e9ventuellement d\u00e9taill\u00e9e)<\/p>\n\n\n\n<p><strong>Au parrain, \u00e0 la marraine<\/strong><\/p>\n\n\n\n<p>\u00cates vous dispos\u00e9s \u00e0 aider ses parents dans l&#8217;exercice de leur responsabilit\u00e9 ? <strong>OUI<\/strong><\/p>\n\n\n\n<p>(Si le parrain et la marraine veulent ajouter un mot, il est indiqu\u00e9 que cela se d\u00e9roule dans le cadre du rassemblement familial qui suivra le bapt\u00eame)<\/p>\n\n\n\n<p>Signation de l&#8217;enfant par le c\u00e9l\u00e9brant, puis les parents, le parrain et\/ou la marraine<\/p>\n\n\n\n<p>On chante le Gloire \u00e0 Dieu<\/p>\n\n\n\n<p>Le pr\u00eatre dit la pri\u00e8re d&#8217;ouverture<\/p>\n\n\n\n<p>On se met \u00e0 l&#8217;\u00e9coute de la parole de Dieu des lectures du dimanche concern\u00e9.<\/p>\n\n\n\n<p>Hom\u00e9lie par le c\u00e9l\u00e9brant<\/p>\n\n\n\n<p>Pri\u00e8re de d\u00e9livrance<\/p>\n\n\n\n<p>Geste de l&#8217;Imposition des mains par le c\u00e9l\u00e9brant<\/p>\n\n\n\n<p>Le c\u00e9l\u00e9brant b\u00e9nit l&#8217;eau ou rend gr\u00e2ce avec l&#8217;assembl\u00e9e pour l&#8217;eau d\u00e9j\u00e0 consacr\u00e9e<\/p>\n\n\n\n<p>Les parents, parrain, marraine  sont invit\u00e9s \u00e0 renoncer \u00e0 Satan et \u00e0 exprimer la profession de foi dans un dialogue :<\/p>\n\n\n\n<p>C\u00e9l\u00e9brant : \u00ab Pour vivre dans la libert\u00e9 des enfants de Dieu, rejetez-vous le p\u00e9ch\u00e9 ? \u00bb<br>Parents, parrain et marraine : \u00ab Je le rejette. \u00bb<br>C\u00e9l\u00e9brant : \u00ab Pour \u00e9chapper \u00e0 l&#8217;emprise du p\u00e9ch\u00e9, rejetez-vous ce qui conduit au mal ? \u00bb<br>Parents, parrain et marraine : \u00ab Je le rejette. \u00bb<br>C\u00e9l\u00e9brant : \u00ab Pour suivre J\u00e9sus, le Christ, rejetez-vous Satan qui est l&#8217;auteur du p\u00e9ch\u00e9 ? \u00bb<br>Parents, parrain et marraine : \u00ab Je le rejette. \u00bb<\/p>\n\n\n\n<p>C\u00e9l\u00e9brant : \u00ab Croyez-vous en Dieu, le P\u00e8re tout-puissant, cr\u00e9ateur du ciel et de la terre ? \u00bb<br>Parents, parrain et marraine : \u00ab Je crois. \u00bb<br>C\u00e9l\u00e9brant : \u00ab Croyez-vous en J\u00e9sus-Christ, son Fils unique, notre Seigneur, qui est n\u00e9 de la Vierge Marie, a souffert la passion, a \u00e9t\u00e9 enseveli, est ressuscit\u00e9 d&#8217;entre les morts, et qui est assis \u00e0 la droite du P\u00e8re ? \u00bb<br>Parents, parrain et marraine : \u00ab Je crois. \u00bb<br>C\u00e9l\u00e9brant : \u00ab Croyez-vous en l&#8217;Esprit Saint, \u00e0 la sainte \u00c9glise catholique, \u00e0 la communion des saints, au pardon des p\u00e9ch\u00e9s, \u00e0 la r\u00e9surrection de la chair, et \u00e0 la vie \u00e9ternelle ? \u00bb<br>Parents, parrain et marraine : \u00ab Je crois. \u00bb<br>C\u00e9l\u00e9brant : \u00ab Telle est notre foi. Telle est la foi de l\u2019\u00c9glise que nous sommes fiers de proclamer dans le Christ J\u00e9sus, notre Seigneur. \u00bb<br>L\u2019assembl\u00e9e r\u00e9pond : \u00ab Amen. \u00bb<\/p>\n\n\n\n<p>Le pr\u00eatre interroge l&#8217;assembl\u00e9e: Et vous tous ici rassembl\u00e9s, croyez vous en Dieu: P\u00e8re, Fils et Saint-Esprit ? Oui, nous croyons<\/p>\n\n\n\n<p><strong>Le Bapt\u00eame<\/strong><\/p>\n\n\n\n<p>Le pr\u00eatre demande aux parents s\u2019ils acceptent que leur enfant soit baptis\u00e9&nbsp;:<\/p>\n\n\n\n<p>Voulez-vous que votre enfant soit baptis\u00e9 dans la foi de l\u2019Eglise&nbsp;? <strong>OUI<\/strong><\/p>\n\n\n\n<p>\u00ab N, Je te baptise au nom du P\u00e8re, et du Fils, et du Saint-Esprit. \u00bb<\/p>\n\n\n\n<p>Chant d\u2019action de gr\u00e2ce : (en dehors du car\u00eame)<\/p>\n\n\n\n<p><strong>Tu es devenu enfant de Dieu<\/strong><br><strong>Et fr\u00e8re de J\u00e9sus. All\u00e9luia !<\/strong><br><strong>Aujourd\u2019hui l\u2019Esprit repose en toi<\/strong><br><strong>Et chante alleluia !<\/strong><\/p>\n\n\n\n<p>Apr\u00e8s le bapt\u00eame, le pr\u00eatre proc\u00e8de \u00e0 l&#8217;Aspersion de l&#8217;Assembl\u00e9e afin que celle-ci soit renouvel\u00e9e dans la gr\u00e2ce de son bapt\u00eame. <\/p>\n\n\n\n<p>L&#8217;assembl\u00e9e chante un chant d&#8217;aspersion<\/p>\n\n\n\n<p>Le pr\u00eatre va maintenant marquer l\u2019enfant avec le saint chr\u00eame, une huile parfum\u00e9e, pour signifier que l\u2019enfant demeure dans le Christ pour la Vie \u00e9ternelle.<\/p>\n\n\n\n<p>Puis, c\u2019est la remise du v\u00eatement blanc : on habille l\u2019enfant en blanc (robe de bapt\u00eame) ou s\u2019il l\u2019est d\u00e9j\u00e0, on peut, par exemple, lui mettre un bonnet blanc, une \u00e9charpe ou une cape blanche. Le c\u00e9l\u00e9brant :&nbsp;<em>\u00ab N, tu es une cr\u00e9ation nouvelle dans le Christ; ce v\u00eatement blanc en est le signe. Que tes parents et amis t&#8217;aident, par leur parole et leur exemple, \u00e0 garder intacte la dignit\u00e9 des fils de Dieu, pour la vie \u00e9ternelle. \u00bb<\/em><\/p>\n\n\n\n<p><strong>Vous tous qui avez \u00e9t\u00e9 baptis\u00e9s en Christ,<br>vous avez rev\u00eatu le Christ, Alleluia!<\/strong><strong><\/strong><\/p>\n\n\n\n<p>Le c\u00e9l\u00e9brant remet un cierge aux parents, il dit :&nbsp;<em>\u00ab Recevez la lumi\u00e8re du Christ. C&#8217;est \u00e0 vous, parents, parrain et marraine, que cette lumi\u00e8re est confi\u00e9e. Veillez \u00e0 l&#8217;entretenir : que cet enfant, illumin\u00e9 par le Christ, avance dans la vie en enfant de lumi\u00e8re et demeure fid\u00e8le \u00e0 la foi de son bapt\u00eame. Ainsi, quand le Seigneur viendra, il pourra aller \u00e0 sa rencontre dans son Royaume, avec tous les saints du ciel. \u00bb<\/em><\/p>\n\n\n\n<p><strong>Lumi\u00e8re dans nos vies, Emmanuel,<br>Ton nom est \u00ab&nbsp;Dieu avec nous&nbsp;\u00bb !<br>Le don de ton esprit nous renouvelle !<br>Tu nous appelles \u00e0 demeurer en toi<br>Pour vivre en enfants du P\u00e8re.&nbsp;&nbsp;<\/strong><\/p>\n\n\n\n<p><strong>Ou<\/strong><\/p>\n\n\n\n<p><strong>Ma lumi\u00e8re est mon Salut, c\u2019est le Seigneur, All\u00e9luia&nbsp;!<\/strong><\/p>\n\n\n\n<p>Pri\u00e8re universelle &#8211; elle est pr\u00e9par\u00e9e par la communaut\u00e9, on priera naturellement pour votre enfant, vous ses parents, son parrain et\/ou sa marraine.<\/p>\n\n\n\n<p>Les deux qu\u00eates du dimanche sont annonc\u00e9es et s&#8217;op\u00e8rent une procession des offrandes.<\/p>\n\n\n\n<p>La messe se poursuit jusqu&#8217;au Notre P\u00e8re r\u00e9cit\u00e9<\/p>\n\n\n\n<p><strong>Notre P\u00e8re, qui es aux cieux,<br>que ton nom soit sanctifi\u00e9,<br>que ton r\u00e8gne vienne,<br>que ta volont\u00e9 soit faite sur la terre comme au ciel.<br>Donne-nous aujourd\u2019hui notre pain de ce jour.<br>Pardonne-nous nos offenses,<br>comme nous pardonnons aussi \u00e0 ceux qui nous ont offens\u00e9s.<br>Et ne nous laisse pas entrer en tentation<br>mais d\u00e9livre-nous du Mal.<\/strong><\/p>\n\n\n\n<p><strong>Amen<\/strong><\/p>\n\n\n\n<p>Si les familles se sont pr\u00e9par\u00e9es \u00e0 l&#8217;eucharistie, elles peuvent recevoir la communion. Les personnes qui ne sont pas baptis\u00e9es, qui n&#8217;ont jamais communi\u00e9es ou ne sont pas dispos\u00e9es \u00e0 communier s&#8217;abstiennent; elles peuvent n\u00e9anmoins recevoir la b\u00e9n\u00e9diction en croisant les bras mains sur les \u00e9paules.<\/p>\n\n\n\n<p>la <strong>Signature des registres<\/strong> a lieu apr\u00e8s la b\u00e9n\u00e9diction finale en fin de messe. Ne pas quitter l&#8217;\u00e9glise sans avoir sign\u00e9 les registres.<\/p>\n\n\n\n<p>B\u00e9n\u00e9diction des objets religieux, elle peut voir lieu apr\u00e8s la signature des registres<\/p>\n\n\n\n<p>Les cloches sonnent pour dire la joie du ciel sur la terre&nbsp;!<\/p>\n\n\n\n<p><\/p>\n","protected":false},"excerpt":{"rendered":"<p>Si le bapt\u00eame a lieu en dehors de la messe, le d\u00e9roulement de la<span class=\"more-dots\">&#8230;<\/span><\/p>\n","protected":false},"author":1,"featured_media":0,"parent":0,"menu_order":0,"comment_status":"closed","ping_status":"closed","template":"","meta":{"footnotes":""},"class_list":["post-61","page","type-page","status-publish","hentry","no-post-thumbnail"],"yoast_head":"<!-- This site is optimized with the Yoast SEO plugin v24.9 - https:\/\/yoast.com\/wordpress\/plugins\/seo\/ -->\n<title>D\u00e9roulement - Vers le bapt\u00eame<\/title>\n<meta name=\"robots\" content=\"index, follow, max-snippet:-1, max-image-preview:large, max-video-preview:-1\" \/>\n<link rel=\"canonical\" href=\"https:\/\/www.bapteme.armentierois.fr\/index.php\/deroulement-du-bapteme\/\" \/>\n<meta property=\"og:locale\" content=\"en_US\" \/>\n<meta property=\"og:type\" content=\"article\" \/>\n<meta property=\"og:title\" content=\"D\u00e9roulement - Vers le bapt\u00eame\" \/>\n<meta property=\"og:description\" content=\"Si le bapt\u00eame a lieu en dehors de la messe, le d\u00e9roulement de la...\" \/>\n<meta property=\"og:url\" content=\"https:\/\/www.bapteme.armentierois.fr\/index.php\/deroulement-du-bapteme\/\" \/>\n<meta property=\"og:site_name\" content=\"Vers le bapt\u00eame\" \/>\n<meta property=\"article:modified_time\" content=\"2024-09-02T09:28:02+00:00\" \/>\n<meta name=\"twitter:card\" content=\"summary_large_image\" \/>\n<meta name=\"twitter:label1\" content=\"Est. reading time\" \/>\n\t<meta name=\"twitter:data1\" content=\"11 minutes\" \/>\n<script type=\"application\/ld+json\" class=\"yoast-schema-graph\">{\"@context\":\"https:\/\/schema.org\",\"@graph\":[{\"@type\":\"WebPage\",\"@id\":\"https:\/\/www.bapteme.armentierois.fr\/index.php\/deroulement-du-bapteme\/\",\"url\":\"https:\/\/www.bapteme.armentierois.fr\/index.php\/deroulement-du-bapteme\/\",\"name\":\"D\u00e9roulement - Vers le bapt\u00eame\",\"isPartOf\":{\"@id\":\"https:\/\/www.bapteme.armentierois.fr\/#website\"},\"datePublished\":\"2024-08-28T19:33:09+00:00\",\"dateModified\":\"2024-09-02T09:28:02+00:00\",\"breadcrumb\":{\"@id\":\"https:\/\/www.bapteme.armentierois.fr\/index.php\/deroulement-du-bapteme\/#breadcrumb\"},\"inLanguage\":\"en-US\",\"potentialAction\":[{\"@type\":\"ReadAction\",\"target\":[\"https:\/\/www.bapteme.armentierois.fr\/index.php\/deroulement-du-bapteme\/\"]}]},{\"@type\":\"BreadcrumbList\",\"@id\":\"https:\/\/www.bapteme.armentierois.fr\/index.php\/deroulement-du-bapteme\/#breadcrumb\",\"itemListElement\":[{\"@type\":\"ListItem\",\"position\":1,\"name\":\"Accueil\",\"item\":\"https:\/\/www.bapteme.armentierois.fr\/\"},{\"@type\":\"ListItem\",\"position\":2,\"name\":\"D\u00e9roulement\"}]},{\"@type\":\"WebSite\",\"@id\":\"https:\/\/www.bapteme.armentierois.fr\/#website\",\"url\":\"https:\/\/www.bapteme.armentierois.fr\/\",\"name\":\"Vers le bapt\u00eame\",\"description\":\"Le bapt\u00eame pour une vie chr\u00e9tienne\",\"potentialAction\":[{\"@type\":\"SearchAction\",\"target\":{\"@type\":\"EntryPoint\",\"urlTemplate\":\"https:\/\/www.bapteme.armentierois.fr\/?s={search_term_string}\"},\"query-input\":{\"@type\":\"PropertyValueSpecification\",\"valueRequired\":true,\"valueName\":\"search_term_string\"}}],\"inLanguage\":\"en-US\"}]}<\/script>\n<!-- \/ Yoast SEO plugin. -->","yoast_head_json":{"title":"D\u00e9roulement - Vers le bapt\u00eame","robots":{"index":"index","follow":"follow","max-snippet":"max-snippet:-1","max-image-preview":"max-image-preview:large","max-video-preview":"max-video-preview:-1"},"canonical":"https:\/\/www.bapteme.armentierois.fr\/index.php\/deroulement-du-bapteme\/","og_locale":"en_US","og_type":"article","og_title":"D\u00e9roulement - Vers le bapt\u00eame","og_description":"Si le bapt\u00eame a lieu en dehors de la messe, le d\u00e9roulement de la...","og_url":"https:\/\/www.bapteme.armentierois.fr\/index.php\/deroulement-du-bapteme\/","og_site_name":"Vers le bapt\u00eame","article_modified_time":"2024-09-02T09:28:02+00:00","twitter_card":"summary_large_image","twitter_misc":{"Est. reading time":"11 minutes"},"schema":{"@context":"https:\/\/schema.org","@graph":[{"@type":"WebPage","@id":"https:\/\/www.bapteme.armentierois.fr\/index.php\/deroulement-du-bapteme\/","url":"https:\/\/www.bapteme.armentierois.fr\/index.php\/deroulement-du-bapteme\/","name":"D\u00e9roulement - Vers le bapt\u00eame","isPartOf":{"@id":"https:\/\/www.bapteme.armentierois.fr\/#website"},"datePublished":"2024-08-28T19:33:09+00:00","dateModified":"2024-09-02T09:28:02+00:00","breadcrumb":{"@id":"https:\/\/www.bapteme.armentierois.fr\/index.php\/deroulement-du-bapteme\/#breadcrumb"},"inLanguage":"en-US","potentialAction":[{"@type":"ReadAction","target":["https:\/\/www.bapteme.armentierois.fr\/index.php\/deroulement-du-bapteme\/"]}]},{"@type":"BreadcrumbList","@id":"https:\/\/www.bapteme.armentierois.fr\/index.php\/deroulement-du-bapteme\/#breadcrumb","itemListElement":[{"@type":"ListItem","position":1,"name":"Accueil","item":"https:\/\/www.bapteme.armentierois.fr\/"},{"@type":"ListItem","position":2,"name":"D\u00e9roulement"}]},{"@type":"WebSite","@id":"https:\/\/www.bapteme.armentierois.fr\/#website","url":"https:\/\/www.bapteme.armentierois.fr\/","name":"Vers le bapt\u00eame","description":"Le bapt\u00eame pour une vie chr\u00e9tienne","potentialAction":[{"@type":"SearchAction","target":{"@type":"EntryPoint","urlTemplate":"https:\/\/www.bapteme.armentierois.fr\/?s={search_term_string}"},"query-input":{"@type":"PropertyValueSpecification","valueRequired":true,"valueName":"search_term_string"}}],"inLanguage":"en-US"}]}},"jetpack_sharing_enabled":true,"_links":{"self":[{"href":"https:\/\/www.bapteme.armentierois.fr\/index.php\/wp-json\/wp\/v2\/pages\/61","targetHints":{"allow":["GET"]}}],"collection":[{"href":"https:\/\/www.bapteme.armentierois.fr\/index.php\/wp-json\/wp\/v2\/pages"}],"about":[{"href":"https:\/\/www.bapteme.armentierois.fr\/index.php\/wp-json\/wp\/v2\/types\/page"}],"author":[{"embeddable":true,"href":"https:\/\/www.bapteme.armentierois.fr\/index.php\/wp-json\/wp\/v2\/users\/1"}],"replies":[{"embeddable":true,"href":"https:\/\/www.bapteme.armentierois.fr\/index.php\/wp-json\/wp\/v2\/comments?post=61"}],"version-history":[{"count":6,"href":"https:\/\/www.bapteme.armentierois.fr\/index.php\/wp-json\/wp\/v2\/pages\/61\/revisions"}],"predecessor-version":[{"id":110,"href":"https:\/\/www.bapteme.armentierois.fr\/index.php\/wp-json\/wp\/v2\/pages\/61\/revisions\/110"}],"wp:attachment":[{"href":"https:\/\/www.bapteme.armentierois.fr\/index.php\/wp-json\/wp\/v2\/media?parent=61"}],"curies":[{"name":"wp","href":"https:\/\/api.w.org\/{rel}","templated":true}]}}