{"id":63,"date":"2024-08-28T21:39:48","date_gmt":"2024-08-28T19:39:48","guid":{"rendered":"https:\/\/www.bapteme.armentierois.fr\/?page_id=63"},"modified":"2024-08-28T21:39:48","modified_gmt":"2024-08-28T19:39:48","slug":"lectures","status":"publish","type":"page","link":"https:\/\/www.bapteme.armentierois.fr\/index.php\/lectures\/","title":{"rendered":"Lectures"},"content":{"rendered":"\n<p>Lorsqu&#8217;on c\u00e9l\u00e8bre un sacrement, on commence par se mettre \u00e0 l&#8217;\u00e9coute de la parole de Dieu. La c\u00e9l\u00e9bration peut contenir une lecture, un psaume et un \u00e9vangile. On peut se limiter \u00e0 un seul texte. <\/p>\n\n\n\n<p>L&#8217;\u00e9vangile sera toujours proclam\u00e9 par le c\u00e9l\u00e9brant, qu&#8217;il soit pr\u00eatre ou diacre. Tandis que la lecture pourra \u00eatre proclam\u00e9e par une personne de votre famille qui lit correctement.<\/p>\n\n\n\n<p>Veuillez trouver-ci dessous les textes de la parole de Dieu commun\u00e9ment admis pour la c\u00e9l\u00e9bration du bapt\u00eame.<\/p>\n\n\n\n<div data-wp-interactive=\"core\/file\" class=\"wp-block-file\"><object data-wp-bind--hidden=\"!state.hasPdfPreview\" hidden class=\"wp-block-file__embed\" data=\"https:\/\/www.bapteme.armentierois.fr\/wp-content\/uploads\/2024\/08\/Selection-de-lectures-pour-le-bapteme.pdf\" type=\"application\/pdf\" style=\"width:100%;height:600px\" aria-label=\"Embed of S\u00e9lection de lectures pour le bapt\u00eame.\"><\/object><a id=\"wp-block-file--media-d96acb46-e149-44c9-81ed-e155309fcce4\" href=\"https:\/\/www.bapteme.armentierois.fr\/wp-content\/uploads\/2024\/08\/Selection-de-lectures-pour-le-bapteme.pdf\">S\u00e9lection de lectures pour le bapt\u00eame<\/a><a href=\"https:\/\/www.bapteme.armentierois.fr\/wp-content\/uploads\/2024\/08\/Selection-de-lectures-pour-le-bapteme.pdf\" class=\"wp-block-file__button wp-element-button\" download aria-describedby=\"wp-block-file--media-d96acb46-e149-44c9-81ed-e155309fcce4\">T\u00e9l\u00e9charger<\/a><\/div>\n","protected":false},"excerpt":{"rendered":"<p>Lorsqu&#8217;on c\u00e9l\u00e8bre un sacrement, on commence par se mettre \u00e0 l&#8217;\u00e9coute de la parole<span class=\"more-dots\">&#8230;<\/span><\/p>\n","protected":false},"author":1,"featured_media":0,"parent":0,"menu_order":0,"comment_status":"closed","ping_status":"closed","template":"","meta":{"footnotes":""},"class_list":["post-63","page","type-page","status-publish","hentry","no-post-thumbnail"],"yoast_head":"<!-- This site is optimized with the Yoast SEO plugin v24.9 - https:\/\/yoast.com\/wordpress\/plugins\/seo\/ -->\n<title>Lectures - Vers le bapt\u00eame<\/title>\n<meta name=\"robots\" content=\"index, follow, max-snippet:-1, max-image-preview:large, max-video-preview:-1\" \/>\n<link rel=\"canonical\" href=\"https:\/\/www.bapteme.armentierois.fr\/index.php\/lectures\/\" \/>\n<meta property=\"og:locale\" content=\"en_US\" \/>\n<meta property=\"og:type\" content=\"article\" \/>\n<meta property=\"og:title\" content=\"Lectures - Vers le bapt\u00eame\" \/>\n<meta property=\"og:description\" content=\"Lorsqu&#8217;on c\u00e9l\u00e8bre un sacrement, on commence par se mettre \u00e0 l&#8217;\u00e9coute de la parole...\" \/>\n<meta property=\"og:url\" content=\"https:\/\/www.bapteme.armentierois.fr\/index.php\/lectures\/\" \/>\n<meta property=\"og:site_name\" content=\"Vers le bapt\u00eame\" \/>\n<meta name=\"twitter:card\" content=\"summary_large_image\" \/>\n<meta name=\"twitter:label1\" content=\"Est. reading time\" \/>\n\t<meta name=\"twitter:data1\" content=\"1 minute\" \/>\n<script type=\"application\/ld+json\" class=\"yoast-schema-graph\">{\"@context\":\"https:\/\/schema.org\",\"@graph\":[{\"@type\":\"WebPage\",\"@id\":\"https:\/\/www.bapteme.armentierois.fr\/index.php\/lectures\/\",\"url\":\"https:\/\/www.bapteme.armentierois.fr\/index.php\/lectures\/\",\"name\":\"Lectures - Vers le bapt\u00eame\",\"isPartOf\":{\"@id\":\"https:\/\/www.bapteme.armentierois.fr\/#website\"},\"datePublished\":\"2024-08-28T19:39:48+00:00\",\"breadcrumb\":{\"@id\":\"https:\/\/www.bapteme.armentierois.fr\/index.php\/lectures\/#breadcrumb\"},\"inLanguage\":\"en-US\",\"potentialAction\":[{\"@type\":\"ReadAction\",\"target\":[\"https:\/\/www.bapteme.armentierois.fr\/index.php\/lectures\/\"]}]},{\"@type\":\"BreadcrumbList\",\"@id\":\"https:\/\/www.bapteme.armentierois.fr\/index.php\/lectures\/#breadcrumb\",\"itemListElement\":[{\"@type\":\"ListItem\",\"position\":1,\"name\":\"Accueil\",\"item\":\"https:\/\/www.bapteme.armentierois.fr\/\"},{\"@type\":\"ListItem\",\"position\":2,\"name\":\"Lectures\"}]},{\"@type\":\"WebSite\",\"@id\":\"https:\/\/www.bapteme.armentierois.fr\/#website\",\"url\":\"https:\/\/www.bapteme.armentierois.fr\/\",\"name\":\"Vers le bapt\u00eame\",\"description\":\"Le bapt\u00eame pour une vie chr\u00e9tienne\",\"potentialAction\":[{\"@type\":\"SearchAction\",\"target\":{\"@type\":\"EntryPoint\",\"urlTemplate\":\"https:\/\/www.bapteme.armentierois.fr\/?s={search_term_string}\"},\"query-input\":{\"@type\":\"PropertyValueSpecification\",\"valueRequired\":true,\"valueName\":\"search_term_string\"}}],\"inLanguage\":\"en-US\"}]}<\/script>\n<!-- \/ Yoast SEO plugin. -->","yoast_head_json":{"title":"Lectures - Vers le bapt\u00eame","robots":{"index":"index","follow":"follow","max-snippet":"max-snippet:-1","max-image-preview":"max-image-preview:large","max-video-preview":"max-video-preview:-1"},"canonical":"https:\/\/www.bapteme.armentierois.fr\/index.php\/lectures\/","og_locale":"en_US","og_type":"article","og_title":"Lectures - Vers le bapt\u00eame","og_description":"Lorsqu&#8217;on c\u00e9l\u00e8bre un sacrement, on commence par se mettre \u00e0 l&#8217;\u00e9coute de la parole...","og_url":"https:\/\/www.bapteme.armentierois.fr\/index.php\/lectures\/","og_site_name":"Vers le bapt\u00eame","twitter_card":"summary_large_image","twitter_misc":{"Est. reading time":"1 minute"},"schema":{"@context":"https:\/\/schema.org","@graph":[{"@type":"WebPage","@id":"https:\/\/www.bapteme.armentierois.fr\/index.php\/lectures\/","url":"https:\/\/www.bapteme.armentierois.fr\/index.php\/lectures\/","name":"Lectures - Vers le bapt\u00eame","isPartOf":{"@id":"https:\/\/www.bapteme.armentierois.fr\/#website"},"datePublished":"2024-08-28T19:39:48+00:00","breadcrumb":{"@id":"https:\/\/www.bapteme.armentierois.fr\/index.php\/lectures\/#breadcrumb"},"inLanguage":"en-US","potentialAction":[{"@type":"ReadAction","target":["https:\/\/www.bapteme.armentierois.fr\/index.php\/lectures\/"]}]},{"@type":"BreadcrumbList","@id":"https:\/\/www.bapteme.armentierois.fr\/index.php\/lectures\/#breadcrumb","itemListElement":[{"@type":"ListItem","position":1,"name":"Accueil","item":"https:\/\/www.bapteme.armentierois.fr\/"},{"@type":"ListItem","position":2,"name":"Lectures"}]},{"@type":"WebSite","@id":"https:\/\/www.bapteme.armentierois.fr\/#website","url":"https:\/\/www.bapteme.armentierois.fr\/","name":"Vers le bapt\u00eame","description":"Le bapt\u00eame pour une vie chr\u00e9tienne","potentialAction":[{"@type":"SearchAction","target":{"@type":"EntryPoint","urlTemplate":"https:\/\/www.bapteme.armentierois.fr\/?s={search_term_string}"},"query-input":{"@type":"PropertyValueSpecification","valueRequired":true,"valueName":"search_term_string"}}],"inLanguage":"en-US"}]}},"jetpack_sharing_enabled":true,"_links":{"self":[{"href":"https:\/\/www.bapteme.armentierois.fr\/index.php\/wp-json\/wp\/v2\/pages\/63","targetHints":{"allow":["GET"]}}],"collection":[{"href":"https:\/\/www.bapteme.armentierois.fr\/index.php\/wp-json\/wp\/v2\/pages"}],"about":[{"href":"https:\/\/www.bapteme.armentierois.fr\/index.php\/wp-json\/wp\/v2\/types\/page"}],"author":[{"embeddable":true,"href":"https:\/\/www.bapteme.armentierois.fr\/index.php\/wp-json\/wp\/v2\/users\/1"}],"replies":[{"embeddable":true,"href":"https:\/\/www.bapteme.armentierois.fr\/index.php\/wp-json\/wp\/v2\/comments?post=63"}],"version-history":[{"count":1,"href":"https:\/\/www.bapteme.armentierois.fr\/index.php\/wp-json\/wp\/v2\/pages\/63\/revisions"}],"predecessor-version":[{"id":65,"href":"https:\/\/www.bapteme.armentierois.fr\/index.php\/wp-json\/wp\/v2\/pages\/63\/revisions\/65"}],"wp:attachment":[{"href":"https:\/\/www.bapteme.armentierois.fr\/index.php\/wp-json\/wp\/v2\/media?parent=63"}],"curies":[{"name":"wp","href":"https:\/\/api.w.org\/{rel}","templated":true}]}}